{"id":17,"date":"2014-04-11T18:33:20","date_gmt":"2014-04-11T18:33:20","guid":{"rendered":"http:\/\/huettenberger-heimatmuseum.de\/?page_id=17"},"modified":"2023-07-11T21:31:09","modified_gmt":"2023-07-11T19:31:09","slug":"foerdermitglied","status":"publish","type":"page","link":"https:\/\/huettenberger-heimatmuseum.de\/?page_id=17","title":{"rendered":"F\u00f6rdermitglied"},"content":{"rendered":"<p style=\"text-align: center;\"><strong><a href=\"http:\/\/huettenberger-heimatmuseum.de\/wp-content\/uploads\/2014\/04\/foerdermitglied.png\"><img loading=\"lazy\" decoding=\"async\" class=\"size-full wp-image-134 aligncenter\" src=\"http:\/\/huettenberger-heimatmuseum.de\/wp-content\/uploads\/2014\/04\/foerdermitglied.png\" alt=\"foerdermitglied\" width=\"552\" height=\"214\" srcset=\"https:\/\/huettenberger-heimatmuseum.de\/wp-content\/uploads\/2014\/04\/foerdermitglied.png 552w, https:\/\/huettenberger-heimatmuseum.de\/wp-content\/uploads\/2014\/04\/foerdermitglied-300x116.png 300w, https:\/\/huettenberger-heimatmuseum.de\/wp-content\/uploads\/2014\/04\/foerdermitglied-500x193.png 500w\" sizes=\"auto, (max-width: 552px) 100vw, 552px\" \/><\/a><br \/>\n<\/strong><\/p>\n<div align=\"justify\">\n<p>Unser Heimatmuseum ist ein Ort, in dem unsere Geschichte f\u00fcr unsere nachfolgenden Generationen bewahrt wird. Daf\u00fcr sind neben dem personellen freiwilligen Einsatz unserer Mitglieder auch finanzielle Mittel erforderlich. Helfen auch Sie uns hierbei und unterst\u00fctzen Sie dieses Projekt mit Ihrer Mitgliedschaft in unserem F\u00f6rderkreis.<\/p>\n<p>Mit einem Jahresbeitrag in H\u00f6he von <strong>4,- \u20ac<\/strong> ist recht einfach auch den kommenden Generationen Vergangenes zu erhalten.<\/p>\n<p>Wir m\u00f6chten Ihnen bereits jetzt f\u00fcr Ihre Unterst\u00fctzung danken. Sie k\u00f6nnen mit dem unten angef\u00fcgten Formular, einen Mitgliedsantrag hier direkt herunterladen, ausf\u00fcllen und an:<\/p>\n<p>Harald Liebermann<br \/>\nKlausegasse 22<br \/>\n35440 Linden<\/p>\n<p>schicken.<\/p>\n<p><a href=\"http:\/\/huettenberger-heimatmuseum.de\/wp-content\/uploads\/2014\/04\/Beitrittserkl\u00e4rung-F\u00f6rderverein.pdf\">Beitrittserkl\u00e4rung F\u00f6rderkreis<\/a><\/p>\n<\/div>\n","protected":false},"excerpt":{"rendered":"<p>Unser Heimatmuseum ist ein Ort, in dem unsere Geschichte f\u00fcr unsere nachfolgenden Generationen bewahrt wird. Daf\u00fcr sind neben dem personellen freiwilligen Einsatz unserer Mitglieder auch finanzielle Mittel erforderlich. Helfen auch <a class=\"more-link\" href=\"https:\/\/huettenberger-heimatmuseum.de\/?page_id=17\">Continue Reading<span class=\"screen-reader-text\">F\u00f6rdermitglied<\/span><span class=\"meta-nav\">&rarr;<\/span><\/a><\/p>\n","protected":false},"author":1,"featured_media":0,"parent":0,"menu_order":5,"comment_status":"closed","ping_status":"open","template":"","meta":{"footnotes":""},"class_list":["post-17","page","type-page","status-publish","hentry"],"_links":{"self":[{"href":"https:\/\/huettenberger-heimatmuseum.de\/index.php?rest_route=\/wp\/v2\/pages\/17","targetHints":{"allow":["GET"]}}],"collection":[{"href":"https:\/\/huettenberger-heimatmuseum.de\/index.php?rest_route=\/wp\/v2\/pages"}],"about":[{"href":"https:\/\/huettenberger-heimatmuseum.de\/index.php?rest_route=\/wp\/v2\/types\/page"}],"author":[{"embeddable":true,"href":"https:\/\/huettenberger-heimatmuseum.de\/index.php?rest_route=\/wp\/v2\/users\/1"}],"replies":[{"embeddable":true,"href":"https:\/\/huettenberger-heimatmuseum.de\/index.php?rest_route=%2Fwp%2Fv2%2Fcomments&post=17"}],"version-history":[{"count":5,"href":"https:\/\/huettenberger-heimatmuseum.de\/index.php?rest_route=\/wp\/v2\/pages\/17\/revisions"}],"predecessor-version":[{"id":320,"href":"https:\/\/huettenberger-heimatmuseum.de\/index.php?rest_route=\/wp\/v2\/pages\/17\/revisions\/320"}],"wp:attachment":[{"href":"https:\/\/huettenberger-heimatmuseum.de\/index.php?rest_route=%2Fwp%2Fv2%2Fmedia&parent=17"}],"curies":[{"name":"wp","href":"https:\/\/api.w.org\/{rel}","templated":true}]}}