{"id":2,"date":"2014-04-11T18:00:53","date_gmt":"2014-04-11T18:00:53","guid":{"rendered":"http:\/\/localhost\/wordpress-3.8\/wordpress\/?page_id=2"},"modified":"2021-09-25T14:48:19","modified_gmt":"2021-09-25T12:48:19","slug":"sample-page","status":"publish","type":"page","link":"https:\/\/huettenberger-heimatmuseum.de\/?page_id=2","title":{"rendered":"Geschichte des Museums"},"content":{"rendered":"<div align=\"justify\">\n<p>&nbsp;<\/p>\n<figure id=\"attachment_54\" aria-describedby=\"caption-attachment-54\" style=\"width: 288px\" class=\"wp-caption alignleft\"><a href=\"http:\/\/huettenberger-heimatmuseum.de\/wp-content\/uploads\/2014\/04\/copy-copy-copy-denkmal14-e1397250714732.jpg\"><img loading=\"lazy\" decoding=\"async\" class=\"wp-image-54 \" style=\"margin: 10px;\" src=\"http:\/\/huettenberger-heimatmuseum.de\/wp-content\/uploads\/2014\/04\/copy-copy-copy-denkmal14-e1397250714732.jpg\" alt=\"copy-copy-copy-denkmal14-e1397250714732.jpg\" width=\"288\" height=\"216\" srcset=\"https:\/\/huettenberger-heimatmuseum.de\/wp-content\/uploads\/2014\/04\/copy-copy-copy-denkmal14-e1397250714732.jpg 480w, https:\/\/huettenberger-heimatmuseum.de\/wp-content\/uploads\/2014\/04\/copy-copy-copy-denkmal14-e1397250714732-300x225.jpg 300w\" sizes=\"auto, (max-width: 288px) 100vw, 288px\" \/><\/a><figcaption id=\"caption-attachment-54\" class=\"wp-caption-text\">Foto: Dirk Seim<\/figcaption><\/figure>\n<p>Es ist dies nicht nur das \u00e4lteste Heimatmuseum der Region, sondern zugleich ein Museum, das Ausstellungsst\u00fccke aus dem gesamten Raume des H\u00fcttenbergs unter seinem Dach vereint. Am\u00a0<b>20. Juli 1952<\/b>\u00a0fand &#8222;unter gro\u00dfer Anteilnahme die Einweihung des Heimatmuseums statt. Ein stattlicher Festzug bewegte sich durch die Ortsstra\u00dfen und die Einweihung selbst war ein gro\u00dfer Erfolg&#8220;, beschreibt Heimatdichter und Museumsgr\u00fcnder Georg He\u00df dieses historische Ereignis. Ihm ist es zu verdanken, dass Leihgestern mit dem H\u00fcttenberger Heimatmuseum ein Kleinod besonderer Art in seinen Mauern birgt. Der\u00a0Landrat von Schwerin nahm seinerzeit die Einweihung vor.<\/p>\n<figure id=\"attachment_84\" aria-describedby=\"caption-attachment-84\" style=\"width: 200px\" class=\"wp-caption alignright\"><a href=\"http:\/\/huettenberger-heimatmuseum.de\/wp-content\/uploads\/2014\/04\/georg_hess.jpg\"><img loading=\"lazy\" decoding=\"async\" class=\"size-full wp-image-84 \" style=\"margin: 0px 10px; border: 5px solid black;\" src=\"http:\/\/huettenberger-heimatmuseum.de\/wp-content\/uploads\/2014\/04\/georg_hess.jpg\" alt=\"Repro von Th. Wi\u00dfner\" width=\"200\" height=\"265\" \/><\/a><figcaption id=\"caption-attachment-84\" class=\"wp-caption-text\">Repro von Th. Wi\u00dfner<\/figcaption><\/figure>\n<p><b>Georg He\u00df<\/b>, der wenige Monate sp\u00e4ter am\u00a0<b>10. Januar 1953<\/b>, seinem 65. Geburtstag, das Heimatmuseum der Gemeinde mit der Vorgabe dieses noch weiter auszubauen \u00fcbereignete wollte mit &#8222;seinem&#8220; Heimatmuseum die Erinnerung an die in Jahrtausenden gewachsene b\u00e4uerliche Kultur besonders die des hessischen H\u00fcttenbergs festhalten. Mittlerweile tr\u00e4gt der Platz vor dem Heimatmuseum den Namen Georg-He\u00df-\u00adPlatz, nachdem\u00a0<b>1953<\/b>\u00a0ein Teil der damaligen Kirchstra\u00dfe von der Gemeinde in &#8222;Am Heimatmuseum&#8220; umbenannt wurde. Das alte, aus dem Jahr\u00a0<b>1772<\/b>\u00a0stammende, ziemlich verwahrloste Rathaus musste zun\u00e4chst zur Aufnahme der Ausstellungsst\u00fccke instand gesetzt werden, was allein schon gro\u00dfe Schwierigkeiten bereitete.<\/p>\n<p>Georg He\u00df stellte seinerzeit den Antrag, ihm das alte Rathaus zur Herrichtung eines Heimatmuseums zur Verf\u00fcgung zu stellen. Dem Antrag wurde mit dem Hinweis zugestimmt, dass die Gemeinde kein Geld daf\u00fcr habe, es in Ordnung bringen zu lassen. He\u00df veranstaltete Werbeabende f\u00fcr den Aufbau des Heimatmuseums, schrieb alle Baufirmen an und bat um Spenden, wobei er Sachspenden f\u00fcr 4.500 Mark und Bargeldspenden von \u00fcber 4.000 Mark zusammentrug. Die Leihgesterner Handwerksmeister stellten ihre Leute zur Verf\u00fcgung und erbrachten eine Arbeitsleistung von 2.000 Mark gratis. Georg He\u00df, gelernter Wei\u00dfbinder, kehrte in seinen alten Beruf zur\u00fcck und arbeitete 160 Tage f\u00fcr sein Lebenswerk. Dann galt es, die alten Sachen und Ger\u00e4te zu sammeln: eine m\u00fchevolle Arbeit. Aber es gelang ihm, ein Museum zu schaffen, das sich sehen lassen kann.<\/p>\n<p>1986 wurde das mittlerweile Ortsbild pr\u00e4gende und zum Wahrzeichen des Ortes gewordene Museum einer gr\u00fcndlichen Au\u00dfenrenovierung unterzogen, welche 1987 im Inneren fortgesetzt wurde.<\/p>\n<figure id=\"attachment_90\" aria-describedby=\"caption-attachment-90\" style=\"width: 311px\" class=\"wp-caption alignleft\"><a href=\"http:\/\/huettenberger-heimatmuseum.de\/wp-content\/uploads\/2014\/04\/detail_5335Heimatstube.jpg\"><img loading=\"lazy\" decoding=\"async\" class=\" wp-image-90 \" style=\"margin: 10px;\" src=\"http:\/\/huettenberger-heimatmuseum.de\/wp-content\/uploads\/2014\/04\/detail_5335Heimatstube.jpg\" alt=\"detail_5335Heimatstube\" width=\"311\" height=\"207\" srcset=\"https:\/\/huettenberger-heimatmuseum.de\/wp-content\/uploads\/2014\/04\/detail_5335Heimatstube.jpg 520w, https:\/\/huettenberger-heimatmuseum.de\/wp-content\/uploads\/2014\/04\/detail_5335Heimatstube-300x199.jpg 300w, https:\/\/huettenberger-heimatmuseum.de\/wp-content\/uploads\/2014\/04\/detail_5335Heimatstube-452x300.jpg 452w\" sizes=\"auto, (max-width: 311px) 100vw, 311px\" \/><\/a><figcaption id=\"caption-attachment-90\" class=\"wp-caption-text\">Die Heimatstube<\/figcaption><\/figure>\n<p>Auch wurde in den 90er-Jahren der Vorplatz neu gestaltet und dem Museum eine Heimatstube vis-a-vis angegliedert. Eine erneute Au\u00dfenrenovierung erfolgte im Jahr 2005, dem 1200. Jahr der Ersterw\u00e4hnung Leihgesterns.<\/p>\n<p>Quelle: HP <a href=\"http:\/\/www.linden.de\">www.linden.de<\/a><\/p>\n<\/div>\n","protected":false},"excerpt":{"rendered":"<p>&nbsp; Es ist dies nicht nur das \u00e4lteste Heimatmuseum der Region, sondern zugleich ein Museum, das Ausstellungsst\u00fccke aus dem gesamten Raume des H\u00fcttenbergs unter seinem Dach vereint. Am\u00a020. Juli 1952\u00a0fand <a class=\"more-link\" href=\"https:\/\/huettenberger-heimatmuseum.de\/?page_id=2\">Continue Reading<span class=\"screen-reader-text\">Geschichte des Museums<\/span><span class=\"meta-nav\">&rarr;<\/span><\/a><\/p>\n","protected":false},"author":1,"featured_media":0,"parent":0,"menu_order":0,"comment_status":"closed","ping_status":"open","template":"","meta":{"footnotes":""},"class_list":["post-2","page","type-page","status-publish","hentry"],"_links":{"self":[{"href":"https:\/\/huettenberger-heimatmuseum.de\/index.php?rest_route=\/wp\/v2\/pages\/2","targetHints":{"allow":["GET"]}}],"collection":[{"href":"https:\/\/huettenberger-heimatmuseum.de\/index.php?rest_route=\/wp\/v2\/pages"}],"about":[{"href":"https:\/\/huettenberger-heimatmuseum.de\/index.php?rest_route=\/wp\/v2\/types\/page"}],"author":[{"embeddable":true,"href":"https:\/\/huettenberger-heimatmuseum.de\/index.php?rest_route=\/wp\/v2\/users\/1"}],"replies":[{"embeddable":true,"href":"https:\/\/huettenberger-heimatmuseum.de\/index.php?rest_route=%2Fwp%2Fv2%2Fcomments&post=2"}],"version-history":[{"count":5,"href":"https:\/\/huettenberger-heimatmuseum.de\/index.php?rest_route=\/wp\/v2\/pages\/2\/revisions"}],"predecessor-version":[{"id":299,"href":"https:\/\/huettenberger-heimatmuseum.de\/index.php?rest_route=\/wp\/v2\/pages\/2\/revisions\/299"}],"wp:attachment":[{"href":"https:\/\/huettenberger-heimatmuseum.de\/index.php?rest_route=%2Fwp%2Fv2%2Fmedia&parent=2"}],"curies":[{"name":"wp","href":"https:\/\/api.w.org\/{rel}","templated":true}]}}