{"id":88,"date":"2014-04-12T17:06:30","date_gmt":"2014-04-12T17:06:30","guid":{"rendered":"http:\/\/huettenberger-heimatmuseum.de\/?page_id=88"},"modified":"2015-04-18T07:27:57","modified_gmt":"2015-04-18T07:27:57","slug":"satzung","status":"publish","type":"page","link":"https:\/\/huettenberger-heimatmuseum.de\/?page_id=88","title":{"rendered":"Satzung"},"content":{"rendered":"<p><strong>Satzung der F\u00f6rdervereins H\u00fcttenberger Heimatmuseum<\/strong><\/p>\n<p><strong>Pr\u00e4ambel<\/strong><\/p>\n<p><strong>Das H\u00fcttenberger Heimatmuseum stellt die umfassendste heimische Sammlung der Kultur des \u201eH\u00fcttenbergs\u201c dar. Erhalt der Ausstellungsst\u00fccke und F\u00f6rderung der Information \u00fcber die Historie des H\u00fcttenbergs haben sich die Mitglieder des F\u00f6rderkreises zur Aufgabe gemacht.<\/strong><\/p>\n<p><strong>\u00a7 1 &#8211; Name, Sitz, Gesch\u00e4ftsjahr<\/strong><\/p>\n<p>Der Verein f\u00fchrt den Namen \u201eF\u00f6rderkreis H\u00fcttenberger Heimatmuseum\u201c<br \/>\nDer F\u00f6rderkreis H\u00fcttenberger Heimatmuseum hat seinen Sitz in 35440 Linden<br \/>\nDas Gesch\u00e4ftsjahr ist das Kalenderjahr<\/p>\n<p><strong>\u00a7 2 \u2013 Zweck des Vereins<\/strong><\/p>\n<p>Der F\u00f6rderkreis ist selbstlos t\u00e4tig; er verfolgt nicht in erster Linie eigenwirtschaftliche Zwecke.<br \/>\nDer F\u00f6rderkreis verfolgt ausschlie\u00dflich und unmittelbar gemeinn\u00fctzige Zwecke im Sinne des Abschnitts \u201esteuerbeg\u00fcnstigte Zwecke\u201c der Abgabenordnung.<br \/>\nDer Satzungszweck wird verwirklicht insbesondere durch:<\/p>\n<p>Ma\u00dfnahmen zum Erhalt des Geb\u00e4udes des H\u00fcttenberger Heimatmuseums unter Gesichtspunkten des Denkmalschutzes gemeinsam mit der Stadt Linden.<br \/>\nPflege der ausgestellten Exponate<br \/>\nErweiterung der Sammlung im Rahmen der r\u00e4umlichen M\u00f6glichkeiten<br \/>\nBesichtigung durch Einzelbesucher, Gruppen und Schulklassen weiterhin kostenfrei erm\u00f6glichen.<\/p>\n<p><strong>\u00a7 3 &#8211; Mittelverwendung<\/strong><\/p>\n<p>Mittel des F\u00f6rderkreises d\u00fcrfen nur f\u00fcr die satzungem\u00e4\u00dfen Zwecke verwendet werden.<br \/>\nDie Mitglieder erhalten in ihrer Eigenschaft als Mitglied keine Zuwendungen aus Mitteln des Vereins<br \/>\nSie haben bei ihrem Ausscheiden keine Anspr\u00fcche an das Vereinsverm\u00f6gen<br \/>\nKeine Person darf durch Ausgaben, die den Zwecken des F\u00f6rderkreises fremd sind, oder durch unverh\u00e4ltnism\u00e4\u00dfig hohe Verg\u00fctungen beg\u00fcnstigt werden.<br \/>\nEhrenamtlich t\u00e4tige Personen haben nur Anspruch auf Ersatz nachgewiesener Auslagen.<\/p>\n<p><strong>\u00a7 4 &#8211; Erwerb der Mitgliedschaft<\/strong><\/p>\n<p>Mitglied k\u00f6nnen alle nat\u00fcrlichen und juristischen Personen werden, die die Ziele des F\u00f6rderkreises unterst\u00fctzen.<br \/>\nDie Mitgliedschaft wird erworben durch schriftliche Beitrittserkl\u00e4rung.<br \/>\nDer B\u00fcrgermeister der Stadt Linden ist \u201ekraft Amtes\u201c Mitglied des F\u00f6rderkreises.<\/p>\n<p><strong>\u00a7 5 \u2013 Ende der Mitgliedschaft<\/strong><\/p>\n<p>mit dem Tod des Mitglieds<br \/>\ndurch schriftliche Austrittserkl\u00e4rung zum Ende des Gesch\u00e4ftsjahres<br \/>\ndurch Ausschluss wegen Beitragsr\u00fcckstand f\u00fcr ein Gesch\u00e4ftsjahr (Vorstand) Vereinssch\u00e4digendem Verhalten (Mitgliederversammlung)<\/p>\n<p><strong>\u00a7 6 &#8211; Beitr\u00e4ge<\/strong><\/p>\n<p>Der Beitrag betr\u00e4gt f\u00fcr:<\/p>\n<p>nat\u00fcrliche Personen j\u00e4hrlich mindestens 4,00 \u20ac<br \/>\njuristische Personen j\u00e4hrlich mindestens 10,00 \u20ac<br \/>\nbeigetretene Landkreise, St\u00e4dte und Gemeinden j\u00e4hrlich mindestens 50,00 \u20ac<br \/>\nBei Beitritt nach dem 1.7. des Gesch\u00e4ftsjahres erm\u00e4\u00dfigt sich der Beitrag im Aufnahmejahr auf die H\u00e4lfte.<\/p>\n<p><strong>\u00a7 7 &#8211; Vorstand<\/strong><\/p>\n<p>Der Vorstand des F\u00f6rderkreises besteht aus:<br \/>\nder\/dem Vorsitzenden<br \/>\nder\/dem stellvertretenden Vorsitzenden<br \/>\nder\/dem Gesch\u00e4ftsf\u00fchrer\/in<br \/>\nder\/dem Kassierer\/in<br \/>\nder\/dem Schriftf\u00fchrer\/in<br \/>\nZur rechtsverbindlichen Vertretung gen\u00fcgt die Zeichnung durch zwei Mitglieder des Vorstandes (a \u2013 c)<br \/>\nVorsitzende\/r des F\u00f6rderkreises soll die\/der B\u00fcrgermeister\/in der Stadt Linden sein.<br \/>\nDer Vorstand wird von der Mitgliederversammlung f\u00fcr die Dauer von 2 Jahren gew\u00e4hlt.<br \/>\nDer Vorstand bleibt bis zur Neuwahl im Amt.<br \/>\nVorstandssitzungen werden von der\/dem Vorsitzenden, bei Verhinderung durch die\/den stellvertretende\/n Vorsitzende\/n nach Bedarf einberufen.<br \/>\nDer Vorstand ist beschlussf\u00e4hig, wenn mindestens drei Mitglieder, darunter die\/der 1. oder 2. Vorsitzende\/r, anwesend sind.<br \/>\nScheidet ein Mitglied des Vorstandes w\u00e4hrend der Amtsperiode aus, so w\u00e4hlt der Vorstand ein Ersatzmitglied f\u00fcr die restliche Amtsdauer der\/des Ausgeschiedenen.<\/p>\n<p><strong>\u00a7 8 \u2013 Mitgliederversammlung<\/strong><\/p>\n<p>Oberstes Organ ist die Mitgliederversammlung. Sie wird in der Regel vom Vorstandsvorsitzenden geleitet.<br \/>\nDie Mitgliederversammlung ist insbesondere f\u00fcr folgende Aufgaben zust\u00e4ndig:<\/p>\n<p>Wahl und Abwahl des Vorstandes<br \/>\nEntgegennahme des Gesch\u00e4ftsberichtes des Vorstandes<br \/>\nBeschlussfassung \u00fcber den Jahresabschluss<br \/>\nBeschlussfassung \u00fcber die Entlastung des Vorstandes<br \/>\nBeschlussfassung \u00fcber \u00c4nderung der Satzung<br \/>\nBeschlussfassung \u00fcber Aufl\u00f6sung des Vereins<br \/>\nZur Mitgliederversammlung wird von der\/dem Vorstandsvorsitzenden unter Angabe der vorl\u00e4ufigen Tagesordnung mindestens zwei Wochen vorher schriftlich eingeladen. Sie tagt mindestens einmal im Jahr (Jahreshauptversammlung bis sp\u00e4testens 31.3. des Folgejahres.<br \/>\nEine au\u00dferordentliche Mitgliederversammlung findet statt, wenn mindestens 25% der Mitglieder sie unter Angabe von Gr\u00fcnden verlangen. Sie findet sp\u00e4testens f\u00fcnf Wochen nach Eingang des Antrags stattfinden.<br \/>\nJede ordnungsgem\u00e4\u00df einberufene Mitgliederversammlung ist unabh\u00e4ngig von der Zahl der Erschienenen beschlussf\u00e4hig.<br \/>\nDie Mitgliederversammlung fasst alle Beschl\u00fcsse mit:<\/p>\n<p>relativer Mehrheit der abgegebenen Stimmen. Stimmenthaltungen bleiben au\u00dfer Betracht.<br \/>\nqualifizierter Mehrheit (Quorum 3\/4 der abgegebenen Stimmen) zur \u00c4nderung der Satzung<br \/>\nqualifizierter Mehrheit (Quorum 4\/5 der abgegebenen Stimmen) zur Aufl\u00f6sung des F\u00f6rderkreises<br \/>\nAbstimmungen erfolgen grunds\u00e4tzlich per Akklamation (Hand-aufheben). Die Abstimmung muss schriftlich und geheim durchgef\u00fchrt werden, wenn es von einem anwesenden Mitglied verlangt wird.<br \/>\n\u00dcber die Beschl\u00fcsse Mitgliederversammlung ist eine Niederschrift anzufertigen. Sie ist von Schriftf\u00fchrer\/in und Versammlungsleiter\/in zu unterzeichnen.<\/p>\n<p><strong>\u00a7 9 \u2013 Revision<\/strong><\/p>\n<p>Zur Pr\u00fcfung der Kassenf\u00fchrung des F\u00f6rderkreises werden f\u00fcr die Dauer der Amtszeit des Vorstandes mindestens zwei Revisoren\/Revisorinnen gew\u00e4hlt. Sie d\u00fcrfen nicht Mitglieder des Vorstandes sein.<br \/>\nSie berichten der Jahreshauptversammlung und stellen den Antrag auf Entlastung des Vorstandes in Finanzangelegenheiten. Mit der erteilten Entlastung \u00fcbernimmt die Mitgliedschaft die Verantwortung \u00fcber das Finanzwesen der abgelaufenen Periode.<\/p>\n<p><strong>\u00a7 10 Aufl\u00f6sung des F\u00f6rderkreises<\/strong><\/p>\n<p>Die Aufl\u00f6sung des Vereins kann in einer Mitgliederversammlung mit einer qualifizierten Mehrheit (4\/5 der abgegebenen Stimmen) beschlossen werden<br \/>\nSofern die Mitgliederversammlung nichts anderes beschlie\u00dft, sind die\/der 1. Vorsitzende und die\/der stellvertretende Vorsitzende gemeinsam vertretungsberechtigte Liquidatoren.<br \/>\nDie vorstehenden Regelungen gelten entsprechend f\u00fcr den Fall, dass der Verein aus einem anderen Grund aufgel\u00f6st wird oder seine Rechtsf\u00e4higkeit verliert.<br \/>\nBei Aufl\u00f6sung des Vereins oder bei Wegfall steuerbeg\u00fcnstigter Zwecke f\u00e4llt das Verm\u00f6gen an die Stadt Linden, die es unmittelbar und ausschlie\u00dflich f\u00fcr gemeinn\u00fctzige Zwecke vorrangig f\u00fcr die Unterhaltung des H\u00fcttenberger Heimatmuseum zu verwenden hat.<\/p>\n<p><strong>\u00a7 11 Inkrafttreten<\/strong><\/p>\n<p>Die Satzung ersetzt die bisher g\u00fcltige Satzung vom 23.02.1988 ab dem Gesch\u00e4ftsjahr 2015<br \/>\nLinden, den 15.04.2015<\/p>\n<p>J\u00f6rg K\u00f6nig \u00a01.Vorsitzender<\/p>\n<p>Reinhold Krapf 2.Vorsitzender<\/p>\n<p>&nbsp;<\/p>\n","protected":false},"excerpt":{"rendered":"<p>Satzung der F\u00f6rdervereins H\u00fcttenberger Heimatmuseum Pr\u00e4ambel Das H\u00fcttenberger Heimatmuseum stellt die umfassendste heimische Sammlung der Kultur des \u201eH\u00fcttenbergs\u201c dar. Erhalt der Ausstellungsst\u00fccke und F\u00f6rderung der Information \u00fcber die Historie des <a class=\"more-link\" href=\"https:\/\/huettenberger-heimatmuseum.de\/?page_id=88\">Continue Reading<span class=\"screen-reader-text\">Satzung<\/span><span class=\"meta-nav\">&rarr;<\/span><\/a><\/p>\n","protected":false},"author":1,"featured_media":0,"parent":0,"menu_order":5,"comment_status":"closed","ping_status":"open","template":"sidebar-page.php","meta":{"footnotes":""},"class_list":["post-88","page","type-page","status-publish","hentry"],"_links":{"self":[{"href":"https:\/\/huettenberger-heimatmuseum.de\/index.php?rest_route=\/wp\/v2\/pages\/88","targetHints":{"allow":["GET"]}}],"collection":[{"href":"https:\/\/huettenberger-heimatmuseum.de\/index.php?rest_route=\/wp\/v2\/pages"}],"about":[{"href":"https:\/\/huettenberger-heimatmuseum.de\/index.php?rest_route=\/wp\/v2\/types\/page"}],"author":[{"embeddable":true,"href":"https:\/\/huettenberger-heimatmuseum.de\/index.php?rest_route=\/wp\/v2\/users\/1"}],"replies":[{"embeddable":true,"href":"https:\/\/huettenberger-heimatmuseum.de\/index.php?rest_route=%2Fwp%2Fv2%2Fcomments&post=88"}],"version-history":[{"count":5,"href":"https:\/\/huettenberger-heimatmuseum.de\/index.php?rest_route=\/wp\/v2\/pages\/88\/revisions"}],"predecessor-version":[{"id":175,"href":"https:\/\/huettenberger-heimatmuseum.de\/index.php?rest_route=\/wp\/v2\/pages\/88\/revisions\/175"}],"wp:attachment":[{"href":"https:\/\/huettenberger-heimatmuseum.de\/index.php?rest_route=%2Fwp%2Fv2%2Fmedia&parent=88"}],"curies":[{"name":"wp","href":"https:\/\/api.w.org\/{rel}","templated":true}]}}